{"id":9,"date":"2010-06-07T21:22:54","date_gmt":"2010-06-07T20:22:54","guid":{"rendered":"http:\/\/www.radyr.org.uk\/clubs\/2097-2\/"},"modified":"2022-10-04T14:23:03","modified_gmt":"2022-10-04T13:23:03","slug":"merched-y-wawr","status":"publish","type":"page","link":"https:\/\/radyr.org.uk\/clubs\/merched-y-wawr\/","title":{"rendered":"Merched y Wawr"},"content":{"rendered":"<p>Mae Merched y Wawr Bro Radur yn cyfarfod ar nos Fercher cyntaf y mis yn Festri Capel y Methodistiaid, Windsor Rd., Radur.<\/p>\n<p>Croeso i ddysgwyr profiadol i ymuno \u00e2 ni.<\/p>\n<p>Am fwy o fanylion, cysylltwch \u00e2&#8217;r Ysgrifennydd: Heulwen Jones<\/p>\n<p><em>Ff\u00f4n:<\/em> 029 2084 3835.<\/p>\n<p><em>e-bost:<\/em> <a href=\"mailto:heulwen.jones47@gmail.com\">heulwen.jones47@gmail.com<\/a><\/p>\n<hr \/>\n<h2>Rhaglen 2022-23<\/h2>\n<h3>2022<\/h3>\n<p>Medi 7\u00a0\u00a0\u00a0\u00a0\u00a0\u00a0\u00a0\u00a0\u00a0\u00a0\u00a0\u00a0\u00a0\u00a0\u00a0\u00a0\u00a0\u00a0\u00a0\u00a0\u00a0\u00a0 Mei Gwynedd a\u2019i git\u00e2r acwstig<\/p>\n<p>Hydref 5\u00a0\u00a0\u00a0\u00a0\u00a0\u00a0\u00a0 \u00a0\u00a0\u00a0\u00a0\u00a0\u00a0\u00a0\u00a0\u00a0\u00a0\u00a0 Rhian Evans \u2013 Llyfrau Llafar<\/p>\n<p>Tachwedd 2 \u00a0\u00a0\u00a0\u00a0\u00a0\u00a0\u00a0\u00a0\u00a0\u00a0 Mary Nicholas \u2013 Cranogwen<\/p>\n<p>Rhagfyr 7\u00a0\u00a0\u00a0\u00a0\u00a0\u00a0\u00a0\u00a0\u00a0\u00a0\u00a0\u00a0\u00a0\u00a0\u00a0\u00a0\u00a0 Kevin Davies \u2013 Gosod Blodau<\/p>\n<h3>2023<\/h3>\n<p>Ionawr 4\u00a0\u00a0\u00a0\u00a0\u00a0\u00a0 \u00a0\u00a0\u00a0\u00a0\u00a0\u00a0\u00a0\u00a0\u00a0\u00a0\u00a0 Maggie Smales \u2013 Pobol y Cwm, Affganistan a Fi<\/p>\n<p>Chwefror 1\u00a0\u00a0 \u00a0\u00a0\u00a0\u00a0\u00a0\u00a0\u00a0\u00a0\u00a0\u00a0\u00a0 Beti George \u2013 Heriau\u2019r Daith<\/p>\n<p>Mawrth 1\u00a0\u00a0\u00a0\u00a0\u00a0 \u00a0\u00a0\u00a0\u00a0\u00a0\u00a0\u00a0\u00a0\u00a0\u00a0\u00a0 Noson y Dysgwyr \/ Siaradwyr Newydd \u2013 Sylvia Prys Jones: Caffael Iaith<\/p>\n<p>Ebrill 5\u00a0\u00a0\u00a0\u00a0\u00a0\u00a0\u00a0\u00a0\u00a0\u00a0 \u00a0\u00a0\u00a0\u00a0\u00a0\u00a0\u00a0\u00a0\u00a0\u00a0\u00a0 Elin Wyn \u2013 Taith Patagonia er budd Marie Curie<\/p>\n<p>Mai 3\u00a0\u00a0\u00a0\u00a0\u00a0\u00a0\u00a0\u00a0\u00a0\u00a0\u00a0\u00a0 \u00a0\u00a0\u00a0\u00a0\u00a0\u00a0\u00a0\u00a0\u00a0\u00a0\u00a0 Ar y cyd \u00e2 G\u0175yl Radur: Elin Jones, Hanes yn y Tir,\u00a0rhestr fer Gwobr Tir na n-Og 2022<\/p>\n<p>Mehefin 7\u00a0\u00a0\u00a0\u00a0 \u00a0\u00a0\u00a0\u00a0\u00a0\u00a0\u00a0\u00a0\u00a0\u00a0\u00a0 Ymweld \u00e2 stiwdio\u2019r arlunydd Anthony Evans\u00a0 (Prynhawn)<\/p>\n","protected":false},"excerpt":{"rendered":"<p>Mae Merched y Wawr Bro Radur yn cyfarfod ar nos Fercher cyntaf y mis yn Festri Capel y Methodistiaid, Windsor Rd., Radur. Croeso i ddysgwyr profiadol i ymuno \u00e2 ni. Am fwy o fanylion, cysylltwch \u00e2&#8217;r Ysgrifennydd: Heulwen Jones Ff\u00f4n: 029 2084 3835. e-bost: heulwen.jones47@gmail.com Rhaglen 2022-23 2022 Medi 7\u00a0\u00a0\u00a0\u00a0\u00a0\u00a0\u00a0\u00a0\u00a0\u00a0\u00a0\u00a0\u00a0\u00a0\u00a0\u00a0\u00a0\u00a0\u00a0\u00a0\u00a0\u00a0 Mei Gwynedd a\u2019i git\u00e2r acwstig [&hellip;]<\/p>\n","protected":false},"author":1,"featured_media":2003,"parent":0,"menu_order":40,"comment_status":"closed","ping_status":"closed","template":"","meta":{"footnotes":""},"class_list":["post-9","page","type-page","status-publish","has-post-thumbnail","hentry"],"_links":{"self":[{"href":"https:\/\/radyr.org.uk\/clubs\/wp-json\/wp\/v2\/pages\/9","targetHints":{"allow":["GET"]}}],"collection":[{"href":"https:\/\/radyr.org.uk\/clubs\/wp-json\/wp\/v2\/pages"}],"about":[{"href":"https:\/\/radyr.org.uk\/clubs\/wp-json\/wp\/v2\/types\/page"}],"author":[{"embeddable":true,"href":"https:\/\/radyr.org.uk\/clubs\/wp-json\/wp\/v2\/users\/1"}],"replies":[{"embeddable":true,"href":"https:\/\/radyr.org.uk\/clubs\/wp-json\/wp\/v2\/comments?post=9"}],"version-history":[{"count":5,"href":"https:\/\/radyr.org.uk\/clubs\/wp-json\/wp\/v2\/pages\/9\/revisions"}],"predecessor-version":[{"id":2188,"href":"https:\/\/radyr.org.uk\/clubs\/wp-json\/wp\/v2\/pages\/9\/revisions\/2188"}],"wp:featuredmedia":[{"embeddable":true,"href":"https:\/\/radyr.org.uk\/clubs\/wp-json\/wp\/v2\/media\/2003"}],"wp:attachment":[{"href":"https:\/\/radyr.org.uk\/clubs\/wp-json\/wp\/v2\/media?parent=9"}],"curies":[{"name":"wp","href":"https:\/\/api.w.org\/{rel}","templated":true}]}}